{"id":18,"date":"2014-10-25T18:36:20","date_gmt":"2014-10-25T18:36:20","guid":{"rendered":"http:\/\/huhtapartio.org\/?page_id=18"},"modified":"2025-10-16T09:27:45","modified_gmt":"2025-10-16T07:27:45","slug":"kokoontumisajat","status":"publish","type":"page","link":"https:\/\/huhtapartio.org\/?page_id=18","title":{"rendered":"Kokoontumisajat"},"content":{"rendered":"<h1><strong>Lukukausi 2025-2026<\/strong><\/h1>\n<p>Ryhm\u00e4t kokoontuvat parittomilla viikoilla eli vain joka toinen viikko.<\/p>\n<p>Ryhmiss\u00e4 on tilaa!<\/p>\n<h4>Maanantaisin:<\/h4>\n<p><strong>17:15-18:15<\/strong><\/p>\n<p><b>Sudenpennut \/ Pomppivat peurat \u00a0<\/b>(7-9v)<\/p>\n<p>Johtajat: Milka<\/p>\n<p><strong>17:15-18:15<\/strong><\/p>\n<p><b>Seikkailijat \/ Tulioravat <\/b>(10-12v)<\/p>\n<p>Johtajat: Eeva, Milla<\/p>\n<p><strong>18:30-19:30<\/strong><\/p>\n<p><b>Tarpojat \/ Kuusenkerk\u00e4t<\/b> (13v)<\/p>\n<p>Johtajat: Milka<\/p>\n<p><strong>18:30-19:30<\/strong><\/p>\n<p><strong>Tarpojat \/ Viekkaat ketut <\/strong>(14v-15v)<\/p>\n<p>Johtajat: Jaana, Panu<\/p>\n<p>Tahdotko tulla mukaan toimintaan?<\/p>\n<p>Voit t\u00e4ytt\u00e4\u00e4 j\u00e4senhakemuksen <a href=\"https:\/\/kuksa.partio.fi\/kotisivut\/jasenhakemus.aspx?id=9999758\" target=\"_blank\" rel=\"noopener noreferrer\">t\u00e4st\u00e4<\/a>.<br \/>\nKun j\u00e4senilmoitus saapuu lippukuntaan, otamme yhteytt\u00e4 ja ohjaamme tutustumaan oikeaan ryhm\u00e4\u00e4n.<br \/>\nLis\u00e4tietoja ryhmist\u00e4 ja j\u00e4seneksi liittymisest\u00e4 voit kysy\u00e4 ohjelmajohtaja Milkalta (milka.honkakoski@partio.fi)<\/p>\n<p>Muihin kysymyksiin lippukunnan toiminnasta vastaa lippukunnanjohtaja Oona (oona.koskinen@partio.fi)<\/p>\n","protected":false},"excerpt":{"rendered":"<p>Lukukausi 2025-2026 Ryhm\u00e4t kokoontuvat parittomilla viikoilla eli vain joka toinen viikko. Ryhmiss\u00e4 on tilaa! Maanantaisin: 17:15-18:15 Sudenpennut \/ Pomppivat peurat \u00a0(7-9v) Johtajat: Milka 17:15-18:15 Seikkailijat \/ Tulioravat (10-12v) Johtajat: Eeva, [&hellip;]<\/p>\n","protected":false},"author":1,"featured_media":0,"parent":2,"menu_order":2,"comment_status":"closed","ping_status":"open","template":"","meta":{"footnotes":""},"class_list":["post-18","page","type-page","status-publish","hentry"],"_links":{"self":[{"href":"https:\/\/huhtapartio.org\/index.php?rest_route=\/wp\/v2\/pages\/18","targetHints":{"allow":["GET"]}}],"collection":[{"href":"https:\/\/huhtapartio.org\/index.php?rest_route=\/wp\/v2\/pages"}],"about":[{"href":"https:\/\/huhtapartio.org\/index.php?rest_route=\/wp\/v2\/types\/page"}],"author":[{"embeddable":true,"href":"https:\/\/huhtapartio.org\/index.php?rest_route=\/wp\/v2\/users\/1"}],"replies":[{"embeddable":true,"href":"https:\/\/huhtapartio.org\/index.php?rest_route=%2Fwp%2Fv2%2Fcomments&post=18"}],"version-history":[{"count":44,"href":"https:\/\/huhtapartio.org\/index.php?rest_route=\/wp\/v2\/pages\/18\/revisions"}],"predecessor-version":[{"id":350,"href":"https:\/\/huhtapartio.org\/index.php?rest_route=\/wp\/v2\/pages\/18\/revisions\/350"}],"up":[{"embeddable":true,"href":"https:\/\/huhtapartio.org\/index.php?rest_route=\/wp\/v2\/pages\/2"}],"wp:attachment":[{"href":"https:\/\/huhtapartio.org\/index.php?rest_route=%2Fwp%2Fv2%2Fmedia&parent=18"}],"curies":[{"name":"wp","href":"https:\/\/api.w.org\/{rel}","templated":true}]}}