{"id":20,"date":"2014-10-25T18:37:55","date_gmt":"2014-10-25T18:37:55","guid":{"rendered":"http:\/\/huhtapartio.org\/?page_id=20"},"modified":"2025-10-16T09:14:51","modified_gmt":"2025-10-16T07:14:51","slug":"toiminta-historia","status":"publish","type":"page","link":"https:\/\/huhtapartio.org\/?page_id=20","title":{"rendered":"Toimintamme"},"content":{"rendered":"<p>Toimintamme kivijalka on viikkotoiminta, eli ik\u00e4kausien mukaisten ryhmien kokoontumiset. Ryhmi\u00e4 johtaa yli 15-vuotiaat partiolaiset, jotka yhdess\u00e4 suunnittelevat ja toteuttavat <a href=\"https:\/\/partio-ohjelma.fi\">partio-ohjelman<\/a> mukaista toimintaa. Huhtapartiossa j\u00e4rjestet\u00e4\u00e4n paljon erilaisia retki\u00e4 ja tapahtumia ymp\u00e4ri vuoden. Tapahtumat vaihtelevat vuosittain, mutta perinteisi\u00e4 tapahtumia lippukunnalle ovat yrj\u00f6np\u00e4iv\u00e4juhla, puurojuhla, Urmas-syysleiri, kes\u00e4leiri, sek\u00e4 ryhmien omat retket. N\u00e4iden lis\u00e4ksi osallistumme my\u00f6s aluej\u00e4rjest\u00f6mme Jyv\u00e4skyl\u00e4n Partiolaisten, partiopiirimme J\u00e4rvi-Suomen Partiolaisten sek\u00e4 valtakunnallisen Suomen Partiolaisten j\u00e4rjest\u00e4miin tapahtumiin yhdess\u00e4 alueen muiden lippukuntien kanssa.<\/p>\n<p>Toimintaa yll\u00e4pidet\u00e4\u00e4n vapaaehtoisvoimin ja uusia vapaaehtoisia otetaan toimintaan mukaan jatkuvasti. Vapaaehtoiset p\u00e4\u00e4sev\u00e4t osallistumaan my\u00f6s koulutuksiin ja johtajatapahtumiin. Ryhm\u00e4njohtajat sek\u00e4 muut lippukuntamme vapaaehtoiset kokoontuvat noin joka toinen kuukausi johtajien tapaamiseen, jossa k\u00e4sitell\u00e4\u00e4n ajankohtaisia asioita ja vietet\u00e4\u00e4n aikaa yhdess\u00e4.<\/p>\n<p>Kokoontumispaikkana toimii t\u00e4ll\u00e4 hetkell\u00e4 Huhtakoti (Nevakatu 1).<\/p>\n<p>Kuvia toiminnasta l\u00f6yd\u00e4t <a href=\"https:\/\/www.flickr.com\/photos\/attekesti\/sets\/72157687710569461\/\">t\u00e4\u00e4lt\u00e4<\/a>.<\/p>\n<p><a href=\"https:\/\/huhtapartio.org\/wp-content\/uploads\/2014\/10\/ROIHU.jpg\"><img loading=\"lazy\" decoding=\"async\" class=\"alignnone size-medium wp-image-184\" src=\"https:\/\/huhtapartio.org\/wp-content\/uploads\/2014\/10\/ROIHU-300x200.jpg\" alt=\"roihu\" width=\"300\" height=\"200\" srcset=\"https:\/\/huhtapartio.org\/wp-content\/uploads\/2014\/10\/ROIHU-300x200.jpg 300w, https:\/\/huhtapartio.org\/wp-content\/uploads\/2014\/10\/ROIHU-1024x682.jpg 1024w, https:\/\/huhtapartio.org\/wp-content\/uploads\/2014\/10\/ROIHU-750x500.jpg 750w, https:\/\/huhtapartio.org\/wp-content\/uploads\/2014\/10\/ROIHU-400x267.jpg 400w, https:\/\/huhtapartio.org\/wp-content\/uploads\/2014\/10\/ROIHU-430x286.jpg 430w, https:\/\/huhtapartio.org\/wp-content\/uploads\/2014\/10\/ROIHU-150x100.jpg 150w, https:\/\/huhtapartio.org\/wp-content\/uploads\/2014\/10\/ROIHU-100x67.jpg 100w, https:\/\/huhtapartio.org\/wp-content\/uploads\/2014\/10\/ROIHU.jpg 1600w\" sizes=\"auto, (max-width: 300px) 100vw, 300px\" \/><\/a><\/p>\n<h3>Taustaa<\/h3>\n<p>Huhtapartio on perustettu vuonna 1979 Jyv\u00e4skyl\u00e4n Huhtasuolle. Huhtapartio on ollut alusta pit\u00e4en yhteislippukunta ja keskittynyt maapartiotoimintaan.<\/p>\n","protected":false},"excerpt":{"rendered":"<p>Toimintamme kivijalka on viikkotoiminta, eli ik\u00e4kausien mukaisten ryhmien kokoontumiset. Ryhmi\u00e4 johtaa yli 15-vuotiaat partiolaiset, jotka yhdess\u00e4 suunnittelevat ja toteuttavat partio-ohjelman mukaista toimintaa. Huhtapartiossa j\u00e4rjestet\u00e4\u00e4n paljon erilaisia retki\u00e4 ja tapahtumia ymp\u00e4ri [&hellip;]<\/p>\n","protected":false},"author":1,"featured_media":0,"parent":2,"menu_order":1,"comment_status":"closed","ping_status":"open","template":"","meta":{"footnotes":""},"class_list":["post-20","page","type-page","status-publish","hentry"],"_links":{"self":[{"href":"https:\/\/huhtapartio.org\/index.php?rest_route=\/wp\/v2\/pages\/20","targetHints":{"allow":["GET"]}}],"collection":[{"href":"https:\/\/huhtapartio.org\/index.php?rest_route=\/wp\/v2\/pages"}],"about":[{"href":"https:\/\/huhtapartio.org\/index.php?rest_route=\/wp\/v2\/types\/page"}],"author":[{"embeddable":true,"href":"https:\/\/huhtapartio.org\/index.php?rest_route=\/wp\/v2\/users\/1"}],"replies":[{"embeddable":true,"href":"https:\/\/huhtapartio.org\/index.php?rest_route=%2Fwp%2Fv2%2Fcomments&post=20"}],"version-history":[{"count":19,"href":"https:\/\/huhtapartio.org\/index.php?rest_route=\/wp\/v2\/pages\/20\/revisions"}],"predecessor-version":[{"id":346,"href":"https:\/\/huhtapartio.org\/index.php?rest_route=\/wp\/v2\/pages\/20\/revisions\/346"}],"up":[{"embeddable":true,"href":"https:\/\/huhtapartio.org\/index.php?rest_route=\/wp\/v2\/pages\/2"}],"wp:attachment":[{"href":"https:\/\/huhtapartio.org\/index.php?rest_route=%2Fwp%2Fv2%2Fmedia&parent=20"}],"curies":[{"name":"wp","href":"https:\/\/api.w.org\/{rel}","templated":true}]}}