{"id":24,"date":"2014-10-25T18:39:01","date_gmt":"2014-10-25T18:39:01","guid":{"rendered":"http:\/\/huhtapartio.org\/?page_id=24"},"modified":"2025-10-16T09:52:05","modified_gmt":"2025-10-16T07:52:05","slug":"yhteystiedot-hallinto","status":"publish","type":"page","link":"https:\/\/huhtapartio.org\/?page_id=24","title":{"rendered":"Yhteystiedot"},"content":{"rendered":"<h4>K\u00e4yntiosoite:<\/h4>\n<p style=\"padding-left: 30px;\">Huhtakoti, Huhtakeskus<\/p>\n<p style=\"padding-left: 30px;\">Nevakatu 1, 40340 Jyv\u00e4skyl\u00e4<\/p>\n<h4>Lippukunnanjohtaja<\/h4>\n<p style=\"text-align: left;\">\u00a0 \u00a0 \u00a0 \u00a0Oona Koskinen<\/p>\n<p style=\"padding-left: 30px; text-align: left;\">oona.koskinen@partio.fi<\/p>\n<h4>Ryhm\u00e4t ja j\u00e4seneksi liittyminen<\/h4>\n<p style=\"text-align: left;\">\u00a0 \u00a0 \u00a0 \u00a0Milka Honkakoski<\/p>\n<p style=\"padding-left: 30px; text-align: left;\">milka.honkakoski@partio.fi<\/p>\n<h4><\/h4>\n<h4>Laskutus\/rahastonhoito<\/h4>\n<p style=\"padding-left: 30px;\">Atte Kesti<\/p>\n<p style=\"padding-left: 30px;\">kirstu@huhtapartio.net<\/p>\n<h4><\/h4>\n","protected":false},"excerpt":{"rendered":"<p>K\u00e4yntiosoite: Huhtakoti, Huhtakeskus Nevakatu 1, 40340 Jyv\u00e4skyl\u00e4 Lippukunnanjohtaja \u00a0 \u00a0 \u00a0 \u00a0Oona Koskinen oona.koskinen@partio.fi Ryhm\u00e4t ja j\u00e4seneksi liittyminen \u00a0 \u00a0 \u00a0 \u00a0Milka Honkakoski milka.honkakoski@partio.fi Laskutus\/rahastonhoito Atte Kesti kirstu@huhtapartio.net<\/p>\n","protected":false},"author":1,"featured_media":0,"parent":2,"menu_order":10,"comment_status":"closed","ping_status":"open","template":"","meta":{"footnotes":""},"class_list":["post-24","page","type-page","status-publish","hentry"],"_links":{"self":[{"href":"https:\/\/huhtapartio.org\/index.php?rest_route=\/wp\/v2\/pages\/24","targetHints":{"allow":["GET"]}}],"collection":[{"href":"https:\/\/huhtapartio.org\/index.php?rest_route=\/wp\/v2\/pages"}],"about":[{"href":"https:\/\/huhtapartio.org\/index.php?rest_route=\/wp\/v2\/types\/page"}],"author":[{"embeddable":true,"href":"https:\/\/huhtapartio.org\/index.php?rest_route=\/wp\/v2\/users\/1"}],"replies":[{"embeddable":true,"href":"https:\/\/huhtapartio.org\/index.php?rest_route=%2Fwp%2Fv2%2Fcomments&post=24"}],"version-history":[{"count":17,"href":"https:\/\/huhtapartio.org\/index.php?rest_route=\/wp\/v2\/pages\/24\/revisions"}],"predecessor-version":[{"id":355,"href":"https:\/\/huhtapartio.org\/index.php?rest_route=\/wp\/v2\/pages\/24\/revisions\/355"}],"up":[{"embeddable":true,"href":"https:\/\/huhtapartio.org\/index.php?rest_route=\/wp\/v2\/pages\/2"}],"wp:attachment":[{"href":"https:\/\/huhtapartio.org\/index.php?rest_route=%2Fwp%2Fv2%2Fmedia&parent=24"}],"curies":[{"name":"wp","href":"https:\/\/api.w.org\/{rel}","templated":true}]}}